{"id":8527,"date":"2022-09-02T01:36:11","date_gmt":"2022-09-01T23:36:11","guid":{"rendered":"https:\/\/terra-fruit.com\/new\/?post_type=product&#038;p=8527"},"modified":"2023-09-17T01:06:15","modified_gmt":"2023-09-16T23:06:15","slug":"mango","status":"publish","type":"product","link":"https:\/\/terra-fruit.com\/fr\/produit\/mango\/","title":{"rendered":"La mangue"},"content":{"rendered":"<blockquote><p><strong>Product : \u00a0\u00a0 Fresh Mangos<\/strong><\/p>\n<p><b>Varieties : \u00a0\u00a0Naomi, Kent, Keitt&#8230;&#8230;&#8230;&#8230;..Etc.<\/b><\/p>\n<p><b>Packing :\u00a0 \u00a04.5-5 KG\/ Carton 4KG\/ Box or as the client&#8217;s requirements.<\/b><\/p>\n<p><strong>Color : \u00a0\u00a0 Red, Green and Yellow<\/strong><\/p>\n<p><strong>Grade :\u00a0 \u00a0 \u00a0 Premium &amp; A<\/strong><\/p>\n<p><strong>Country of Origin : \u00a0\u00a0EGYPT<\/strong><\/p>\n<p><strong>Anyone interested in this item, don\u2019t hesitate to contact us for the best quotation.<\/strong><\/p><\/blockquote>","protected":false},"excerpt":{"rendered":"<h1 class=\"display-4 mb-3\"><span class=\"font-w-7 grrn\" style=\"color: #99cc00;\">Vari\u00e9t\u00e9s &amp; Disponibilit\u00e9s<\/span><\/h1>\n<div class=\"table-responsive-sm\" style=\"overflow-x: auto;\">\n<table class=\"table table-bordered text-center\">\n<thead>\n<tr class=\"table-success\">\n<th scope=\"col\">Vari\u00e9t\u00e9<\/th>\n<th scope=\"col\">Keitt<\/th>\n<th scope=\"col\">Kent<\/th>\n<th scope=\"col\">Tommy<\/th>\n<th scope=\"col\">Maya<\/th>\n<th scope=\"col\">Naomi<\/th>\n<\/tr>\n<\/thead>\n<tbody>\n<tr>\n<th class=\"table-info\" scope=\"row\">Jan<\/th>\n<td><\/td>\n<td><\/td>\n<td><\/td>\n<td><\/td>\n<td><\/td>\n<\/tr>\n<tr>\n<th class=\"table-info\" scope=\"row\">F\u00e9vrier<\/th>\n<td><\/td>\n<td><\/td>\n<td><\/td>\n<td><\/td>\n<td><\/td>\n<\/tr>\n<tr>\n<th class=\"table-info\" scope=\"row\">Mar<\/th>\n<td><\/td>\n<td><\/td>\n<td><\/td>\n<td><\/td>\n<td><\/td>\n<\/tr>\n<tr>\n<th class=\"table-info\" scope=\"row\">Apr<\/th>\n<td><\/td>\n<td><\/td>\n<td><\/td>\n<td><\/td>\n<td><\/td>\n<\/tr>\n<tr>\n<th class=\"table-info\" scope=\"row\">Peut<\/th>\n<td><\/td>\n<td><\/td>\n<td><\/td>\n<td><\/td>\n<td><img decoding=\"async\" src=\"https:\/\/terra-fruit.com\/assets\/images\/product\/3\/mango-icon.gif\" srcset=\"\" alt=\"\" \/><\/td>\n<\/tr>\n<tr>\n<th class=\"table-info\" scope=\"row\">Jun<\/th>\n<td><\/td>\n<td><\/td>\n<td><\/td>\n<td><\/td>\n<td><\/td>\n<\/tr>\n<tr>\n<th class=\"table-info\" scope=\"row\">Jul<\/th>\n<td><\/td>\n<td><\/td>\n<td><\/td>\n<td><img decoding=\"async\" src=\"https:\/\/terra-fruit.com\/assets\/images\/product\/3\/mango-icon.gif\" srcset=\"\" alt=\"\" \/><\/td>\n<td><\/td>\n<\/tr>\n<tr>\n<th class=\"table-info\" scope=\"row\">Ao\u00fbt<\/th>\n<td><\/td>\n<td><\/td>\n<td><img decoding=\"async\" src=\"https:\/\/terra-fruit.com\/assets\/images\/product\/3\/mango-icon.gif\" srcset=\"\" alt=\"\" \/><\/td>\n<td><img decoding=\"async\" src=\"https:\/\/terra-fruit.com\/assets\/images\/product\/3\/mango-icon.gif\" srcset=\"\" alt=\"\" \/><\/td>\n<td><img decoding=\"async\" src=\"https:\/\/terra-fruit.com\/assets\/images\/product\/3\/mango-icon.gif\" srcset=\"\" alt=\"\" \/><\/td>\n<\/tr>\n<tr>\n<th class=\"table-info\" scope=\"row\">Sep<\/th>\n<td><img decoding=\"async\" src=\"https:\/\/terra-fruit.com\/assets\/images\/product\/3\/mango-icon.gif\" srcset=\"\" alt=\"\" \/><\/td>\n<td><img decoding=\"async\" src=\"https:\/\/terra-fruit.com\/assets\/images\/product\/3\/mango-icon.gif\" srcset=\"\" alt=\"\" \/><\/td>\n<td><\/td>\n<td><\/td>\n<td><img decoding=\"async\" src=\"https:\/\/terra-fruit.com\/assets\/images\/product\/3\/mango-icon.gif\" srcset=\"\" alt=\"\" \/><\/td>\n<\/tr>\n<tr>\n<th class=\"table-info\" scope=\"row\">Oct<\/th>\n<td><img decoding=\"async\" src=\"https:\/\/terra-fruit.com\/assets\/images\/product\/3\/mango-icon.gif\" srcset=\"\" alt=\"\" \/><\/td>\n<td><img decoding=\"async\" src=\"https:\/\/terra-fruit.com\/assets\/images\/product\/3\/mango-icon.gif\" srcset=\"\" alt=\"\" \/><\/td>\n<td><\/td>\n<td><\/td>\n<td><\/td>\n<\/tr>\n<tr>\n<th class=\"table-info\" scope=\"row\">Nov<\/th>\n<td><img decoding=\"async\" src=\"https:\/\/terra-fruit.com\/assets\/images\/product\/3\/mango-icon.gif\" srcset=\"\" alt=\"\" \/><\/td>\n<td><img decoding=\"async\" src=\"https:\/\/terra-fruit.com\/assets\/images\/product\/3\/mango-icon.gif\" srcset=\"\" alt=\"\" \/><\/td>\n<td><\/td>\n<td><\/td>\n<td><\/td>\n<\/tr>\n<tr>\n<th class=\"table-info\" scope=\"row\">Dec<\/th>\n<td><\/td>\n<td><\/td>\n<td><\/td>\n<td><\/td>\n<td><\/td>\n<\/tr>\n<\/tbody>\n<\/table>\n<\/div>","protected":false},"featured_media":9640,"template":"","meta":[],"product_brand":[],"product_cat":[20],"product_tag":[],"class_list":{"0":"post-8527","1":"product","2":"type-product","3":"status-publish","4":"has-post-thumbnail","6":"product_cat-fruits","8":"first","9":"instock","10":"shipping-taxable","11":"product-type-simple"},"aioseo_notices":[],"_links":{"self":[{"href":"https:\/\/terra-fruit.com\/fr\/wp-json\/wp\/v2\/product\/8527","targetHints":{"allow":["GET"]}}],"collection":[{"href":"https:\/\/terra-fruit.com\/fr\/wp-json\/wp\/v2\/product"}],"about":[{"href":"https:\/\/terra-fruit.com\/fr\/wp-json\/wp\/v2\/types\/product"}],"version-history":[{"count":0,"href":"https:\/\/terra-fruit.com\/fr\/wp-json\/wp\/v2\/product\/8527\/revisions"}],"wp:featuredmedia":[{"embeddable":true,"href":"https:\/\/terra-fruit.com\/fr\/wp-json\/wp\/v2\/media\/9640"}],"wp:attachment":[{"href":"https:\/\/terra-fruit.com\/fr\/wp-json\/wp\/v2\/media?parent=8527"}],"wp:term":[{"taxonomy":"product_brand","embeddable":true,"href":"https:\/\/terra-fruit.com\/fr\/wp-json\/wp\/v2\/product_brand?post=8527"},{"taxonomy":"product_cat","embeddable":true,"href":"https:\/\/terra-fruit.com\/fr\/wp-json\/wp\/v2\/product_cat?post=8527"},{"taxonomy":"product_tag","embeddable":true,"href":"https:\/\/terra-fruit.com\/fr\/wp-json\/wp\/v2\/product_tag?post=8527"}],"curies":[{"name":"wp","href":"https:\/\/api.w.org\/{rel}","templated":true}]}}