{"id":8553,"date":"2023-09-17T01:06:14","date_gmt":"2023-09-16T23:06:14","guid":{"rendered":"https:\/\/terra-fruit.com\/new\/?post_type=product&#038;p=8553"},"modified":"2023-09-17T01:06:14","modified_gmt":"2023-09-16T23:06:14","slug":"cabbage-red-white","status":"publish","type":"product","link":"https:\/\/terra-fruit.com\/fr\/produit\/cabbage-red-white\/","title":{"rendered":"Cabbage (Red, White)"},"content":{"rendered":"<blockquote><p><strong>Product : \u00a0\u00a0 Fresh cabbage<\/strong><\/p>\n<p><strong>Varieties : \u00a0\u00a0Available Any Varieties<\/strong><\/p>\n<p><b>Packing : \u00a0\u00a04,5,6 KG Carton and Box or as the client&#8217;s requirements.<\/b><\/p>\n<p><strong>Color : \u00a0\u00a0 White \/ red<\/strong><\/p>\n<p><strong>Grade :\u00a0 \u00a0 \u00a0 Premium &amp; A<\/strong><\/p>\n<p><strong>Country of Origin : \u00a0\u00a0EGYPT<\/strong><\/p>\n<p><strong>Anyone interested in this item, don\u2019t hesitate to contact us for the best quotation.<\/strong><\/p><\/blockquote>","protected":false},"excerpt":{"rendered":"<h1 class=\"display-4 mb-3\"><span class=\"font-w-7 grrn\" style=\"color: #99cc00;\">Vari\u00e9t\u00e9s &amp; Disponibilit\u00e9s<\/span><\/h1>\n<div class=\"table-responsive-sm\" style=\"overflow-x: auto;\">\n<table class=\"table table-bordered text-center\">\n<thead>\n<tr class=\"table-success\">\n<th scope=\"col\">Jan<\/th>\n<th scope=\"col\">F\u00e9vrier<\/th>\n<th scope=\"col\">Mar<\/th>\n<th scope=\"col\">Apr<\/th>\n<th scope=\"col\">Peut<\/th>\n<th scope=\"col\">Jun<\/th>\n<\/tr>\n<\/thead>\n<tbody>\n<tr>\n<td><img decoding=\"async\" style=\"width: 40px; height: 45px;\" src=\"https:\/\/terra-fruit.com\/assets\/images\/product\/15\/White and red cabbage.png\" srcset=\"\" alt=\"\" \/><\/td>\n<td><img decoding=\"async\" style=\"width: 40px; height: 45px;\" src=\"https:\/\/terra-fruit.com\/assets\/images\/product\/15\/White and red cabbage.png\" srcset=\"\" alt=\"\" \/><\/td>\n<td><img decoding=\"async\" style=\"width: 40px; height: 45px;\" src=\"https:\/\/terra-fruit.com\/assets\/images\/product\/15\/White and red cabbage.png\" srcset=\"\" alt=\"\" \/><\/td>\n<td><\/td>\n<td><\/td>\n<td><\/td>\n<\/tr>\n<\/tbody>\n<thead>\n<tr class=\"table-success\">\n<th scope=\"col\">Jul<\/th>\n<th scope=\"col\">Ao\u00fbt<\/th>\n<th scope=\"col\">Sep<\/th>\n<th scope=\"col\">Oct<\/th>\n<th scope=\"col\">Nov<\/th>\n<th scope=\"col\">Dec<\/th>\n<\/tr>\n<\/thead>\n<tbody>\n<tr>\n<td><\/td>\n<td><\/td>\n<td><\/td>\n<td><img decoding=\"async\" style=\"width: 40px; height: 45px;\" src=\"https:\/\/terra-fruit.com\/assets\/images\/product\/15\/White and red cabbage.png\" srcset=\"\" alt=\"\" \/><\/td>\n<td><img decoding=\"async\" style=\"width: 40px; height: 45px;\" src=\"https:\/\/terra-fruit.com\/assets\/images\/product\/15\/White and red cabbage.png\" srcset=\"\" alt=\"\" \/><\/td>\n<td><img decoding=\"async\" style=\"width: 40px; height: 45px;\" src=\"https:\/\/terra-fruit.com\/assets\/images\/product\/15\/White and red cabbage.png\" srcset=\"\" alt=\"\" \/><\/td>\n<\/tr>\n<\/tbody>\n<\/table>\n<\/div>","protected":false},"featured_media":8554,"template":"","meta":[],"product_brand":[],"product_cat":[78,70],"product_tag":[],"class_list":{"0":"post-8553","1":"product","2":"type-product","3":"status-publish","4":"has-post-thumbnail","6":"product_cat-available-now","7":"product_cat-vegetables","9":"first","10":"instock","11":"shipping-taxable","12":"product-type-simple"},"aioseo_notices":[],"_links":{"self":[{"href":"https:\/\/terra-fruit.com\/fr\/wp-json\/wp\/v2\/product\/8553","targetHints":{"allow":["GET"]}}],"collection":[{"href":"https:\/\/terra-fruit.com\/fr\/wp-json\/wp\/v2\/product"}],"about":[{"href":"https:\/\/terra-fruit.com\/fr\/wp-json\/wp\/v2\/types\/product"}],"version-history":[{"count":0,"href":"https:\/\/terra-fruit.com\/fr\/wp-json\/wp\/v2\/product\/8553\/revisions"}],"wp:featuredmedia":[{"embeddable":true,"href":"https:\/\/terra-fruit.com\/fr\/wp-json\/wp\/v2\/media\/8554"}],"wp:attachment":[{"href":"https:\/\/terra-fruit.com\/fr\/wp-json\/wp\/v2\/media?parent=8553"}],"wp:term":[{"taxonomy":"product_brand","embeddable":true,"href":"https:\/\/terra-fruit.com\/fr\/wp-json\/wp\/v2\/product_brand?post=8553"},{"taxonomy":"product_cat","embeddable":true,"href":"https:\/\/terra-fruit.com\/fr\/wp-json\/wp\/v2\/product_cat?post=8553"},{"taxonomy":"product_tag","embeddable":true,"href":"https:\/\/terra-fruit.com\/fr\/wp-json\/wp\/v2\/product_tag?post=8553"}],"curies":[{"name":"wp","href":"https:\/\/api.w.org\/{rel}","templated":true}]}}