{"id":8584,"date":"2023-09-17T01:06:13","date_gmt":"2023-09-16T23:06:13","guid":{"rendered":"https:\/\/terra-fruit.com\/new\/?post_type=product&#038;p=8584"},"modified":"2023-09-17T01:06:13","modified_gmt":"2023-09-16T23:06:13","slug":"tomatoes","status":"publish","type":"product","link":"https:\/\/terra-fruit.com\/fr\/produit\/tomatoes\/","title":{"rendered":"Tomates"},"content":{"rendered":"<blockquote><p><strong>Product : \u00a0\u00a0 Fresh Tomatoes<\/strong><\/p>\n<p><strong>Varieties : \u00a0\u00a0Available Any Varieties<\/strong><\/p>\n<p><strong>Grade :\u00a0 \u00a0 \u00a0 Premium &amp; A<\/strong><\/p>\n<p><strong>Country of Origin : \u00a0\u00a0EGYPT<\/strong><\/p>\n<p><strong>Anyone interested in this item, don\u2019t hesitate to contact us for the best quotation.<\/strong><\/p><\/blockquote>","protected":false},"excerpt":{"rendered":"<h1 class=\"display-4 mb-3\"><span class=\"font-w-7 grrn\" style=\"color: #99cc00;\">Vari\u00e9t\u00e9s &amp; Disponibilit\u00e9s<\/span><\/h1>\n<div class=\"table-responsive-sm\" style=\"overflow-x: auto;\">\n<table class=\"table table-bordered text-center\">\n<thead>\n<tr class=\"table-success\">\n<th scope=\"col\">Jan<\/th>\n<th scope=\"col\">F\u00e9vrier<\/th>\n<th scope=\"col\">Mar<\/th>\n<th scope=\"col\">Apr<\/th>\n<th scope=\"col\">Peut<\/th>\n<th scope=\"col\">Jun<\/th>\n<\/tr>\n<\/thead>\n<tbody>\n<tr>\n<td><img decoding=\"async\" style=\"width: 40px; height: 45px;\" src=\"https:\/\/terra-fruit.com\/assets\/images\/product\/24\/tomato.png\" srcset=\"\" alt=\"\" \/><\/td>\n<td><img decoding=\"async\" style=\"width: 40px; height: 45px;\" src=\"https:\/\/terra-fruit.com\/assets\/images\/product\/24\/tomato.png\" srcset=\"\" alt=\"\" \/><\/td>\n<td><img decoding=\"async\" style=\"width: 40px; height: 45px;\" src=\"https:\/\/terra-fruit.com\/assets\/images\/product\/24\/tomato.png\" srcset=\"\" alt=\"\" \/><\/td>\n<td><img decoding=\"async\" style=\"width: 40px; height: 45px;\" src=\"https:\/\/terra-fruit.com\/assets\/images\/product\/24\/tomato.png\" srcset=\"\" alt=\"\" \/><\/td>\n<td><img decoding=\"async\" style=\"width: 40px; height: 45px;\" src=\"https:\/\/terra-fruit.com\/assets\/images\/product\/24\/tomato.png\" srcset=\"\" alt=\"\" \/><\/td>\n<td><img decoding=\"async\" style=\"width: 40px; height: 45px;\" src=\"https:\/\/terra-fruit.com\/assets\/images\/product\/24\/tomato.png\" srcset=\"\" alt=\"\" \/><\/td>\n<\/tr>\n<\/tbody>\n<thead>\n<tr class=\"table-success\">\n<th scope=\"col\">Jul<\/th>\n<th scope=\"col\">Ao\u00fbt<\/th>\n<th scope=\"col\">Sep<\/th>\n<th scope=\"col\">Oct<\/th>\n<th scope=\"col\">Nov<\/th>\n<th scope=\"col\">Dec<\/th>\n<\/tr>\n<\/thead>\n<tbody>\n<tr>\n<td><img decoding=\"async\" style=\"width: 40px; height: 45px;\" src=\"https:\/\/terra-fruit.com\/assets\/images\/product\/24\/tomato.png\" srcset=\"\" alt=\"\" \/><\/td>\n<td><img decoding=\"async\" style=\"width: 40px; height: 45px;\" src=\"https:\/\/terra-fruit.com\/assets\/images\/product\/24\/tomato.png\" srcset=\"\" alt=\"\" \/><\/td>\n<td><img decoding=\"async\" style=\"width: 40px; height: 45px;\" src=\"https:\/\/terra-fruit.com\/assets\/images\/product\/24\/tomato.png\" srcset=\"\" alt=\"\" \/><\/td>\n<td><img decoding=\"async\" style=\"width: 40px; height: 45px;\" src=\"https:\/\/terra-fruit.com\/assets\/images\/product\/24\/tomato.png\" srcset=\"\" alt=\"\" \/><\/td>\n<td><img decoding=\"async\" style=\"width: 40px; height: 45px;\" src=\"https:\/\/terra-fruit.com\/assets\/images\/product\/24\/tomato.png\" srcset=\"\" alt=\"\" \/><\/td>\n<td><img decoding=\"async\" style=\"width: 40px; height: 45px;\" src=\"https:\/\/terra-fruit.com\/assets\/images\/product\/24\/tomato.png\" srcset=\"\" alt=\"\" \/><\/td>\n<\/tr>\n<\/tbody>\n<\/table>\n<p>&nbsp;<\/p>\n<\/div>","protected":false},"featured_media":8585,"template":"","meta":[],"product_brand":[],"product_cat":[70],"product_tag":[],"class_list":{"0":"post-8584","1":"product","2":"type-product","3":"status-publish","4":"has-post-thumbnail","6":"product_cat-vegetables","8":"first","9":"instock","10":"shipping-taxable","11":"product-type-simple"},"aioseo_notices":[],"_links":{"self":[{"href":"https:\/\/terra-fruit.com\/fr\/wp-json\/wp\/v2\/product\/8584","targetHints":{"allow":["GET"]}}],"collection":[{"href":"https:\/\/terra-fruit.com\/fr\/wp-json\/wp\/v2\/product"}],"about":[{"href":"https:\/\/terra-fruit.com\/fr\/wp-json\/wp\/v2\/types\/product"}],"version-history":[{"count":0,"href":"https:\/\/terra-fruit.com\/fr\/wp-json\/wp\/v2\/product\/8584\/revisions"}],"wp:featuredmedia":[{"embeddable":true,"href":"https:\/\/terra-fruit.com\/fr\/wp-json\/wp\/v2\/media\/8585"}],"wp:attachment":[{"href":"https:\/\/terra-fruit.com\/fr\/wp-json\/wp\/v2\/media?parent=8584"}],"wp:term":[{"taxonomy":"product_brand","embeddable":true,"href":"https:\/\/terra-fruit.com\/fr\/wp-json\/wp\/v2\/product_brand?post=8584"},{"taxonomy":"product_cat","embeddable":true,"href":"https:\/\/terra-fruit.com\/fr\/wp-json\/wp\/v2\/product_cat?post=8584"},{"taxonomy":"product_tag","embeddable":true,"href":"https:\/\/terra-fruit.com\/fr\/wp-json\/wp\/v2\/product_tag?post=8584"}],"curies":[{"name":"wp","href":"https:\/\/api.w.org\/{rel}","templated":true}]}}